{"id":604,"date":"2020-10-22T13:41:06","date_gmt":"2020-10-22T13:41:06","guid":{"rendered":"https:\/\/www.people4.es\/cookies\/"},"modified":"2021-04-22T14:29:19","modified_gmt":"2021-04-22T14:29:19","slug":"cookies","status":"publish","type":"page","link":"https:\/\/www.people4.es\/en\/cookies\/","title":{"rendered":"Cookies"},"content":{"rendered":"\n<p>El dominio www.people4.es utiliza procedimientos autom\u00e1ticos de recogida (Cookies) para reunir informaci\u00f3n personal como puede ser el tipo de navegador o sistema operativo, p\u00e1gina de referencia, ruta, dominio ISP (Proveedor de Internet), etc. todo ello con el fin de mejorar los servicios prestados. Las Cookies nos ayudan a adaptar esta p\u00e1gina web a sus necesidades personales.<\/p>\n\n\n\n<p>Una &#8220;Cookie&#8221; es un peque\u00f1o archivo que se almacena en el ordenador del usuario y nos permite reconocerle. El conjunto de &#8220;cookies&#8221; nos ayuda a mejorar la calidad de nuestra web, permiti\u00e9ndonos as\u00ed personalizar hasta cierto punto la navegaci\u00f3n de cada usuario por nuestra web. Las cookies actualmente son esenciales para el funcionamiento de internet, aportando innumerables ventajas en la prestaci\u00f3n de servicios interactivos, facilit\u00e1ndole la navegaci\u00f3n y usabilidad de nuestra web.<\/p>\n\n\n\n<p>Tenga en cuenta que las cookies no pueden da\u00f1ar su equipo y que, a cambio, el que est\u00e9n activadas nos ayudan a identificar y resolver los errores y mejorar la navegabilidad de nuestro sitio.<\/p>\n\n\n\n<h2>Tipolog\u00eda de cookies<\/h2>\n\n\n\n<p>Para una mayor informaci\u00f3n del usuario sobre la tipolog\u00eda y uso de las cookies le informamos que:<\/p>\n\n\n\n<ul><li>Desde el punto de vista <strong>de \u2018tiempo de vida\u2019 de la cookie<\/strong> (tiempo que la cookie permanece activa en nuestro equipo) podemos diferenciar las cookies entre:<ol><li><strong>Cookies de sesi\u00f3n:<\/strong> son cookies temporales que permanecen en el archivo de cookies de su navegador hasta que abandone la p\u00e1gina web, por lo que ninguna queda registrada en el disco duro del usuario. La informaci\u00f3n obtenida por medio de estas cookies, sirven para analizar pautas de tr\u00e1fico en la web. A la larga, esto nos permite proporcionar una mejor experiencia para mejorar el contenido y facilitando su uso.<\/li><li><strong>Cookies persistentes:<\/strong> son almacenadas en el disco duro y nuestra web las lee cada vez que usted realiza una nueva visita. Una cookie permanente posee una fecha de expiraci\u00f3n determinada. La cookie dejar\u00e1 de funcionar despu\u00e9s de esa fecha. Las utilizamos, generalmente, para facilitar la experiencia del usuario recordando sus h\u00e1bitos de navegaci\u00f3n o, en su caso, facilitar los servicios de compra y\/o registro.<\/li><\/ol><\/li><li>Desde el punto de vista <strong>de la finalidad de cada cookie<\/strong>, podemos diferenciar entre:<ol><li><strong>Cookies T\u00e9cnicas<\/strong>: son aquellas que permiten al usuario la navegaci\u00f3n a trav\u00e9s de una p\u00e1gina web, plataforma o aplicaci\u00f3n y la utilizaci\u00f3n de las diferentes opciones o servicios que en ella existan, incluyendo aquellas que el editor utiliza para permitir la gesti\u00f3n y operativa de la p\u00e1gina web y habilitar sus funciones y servicios.<br><strong>Las cookies t\u00e9cnicas, siempre que correspondan a alguno de los siguientes perfiles, estar\u00e1n exceptuadas del cumplimiento de las obligaciones establecidas en el art\u00edculo 22.2 de la LSSI* <\/strong>(es decir, obtenci\u00f3n de consentimiento para su instalaci\u00f3n y uso mediante la existencia de banner de aviso, pol\u00edtica de cookies):&nbsp;<ul><li>Cookies de \u201centrada del usuario\u201d<\/li><li>Cookies de autenticaci\u00f3n o identificaci\u00f3n de usuario (\u00fanicamente de sesi\u00f3n)<\/li><li>Cookies de seguridad del usuario<\/li><li>Cookies de sesi\u00f3n de reproductor multimedia<\/li><li>Cookies de sesi\u00f3n para equilibrar la carga<\/li><li>Cookies de personalizaci\u00f3n de la interfaz de usuario<\/li><li>Cookies de complemento (plug-in) para intercambiar contenidos sociales <em>* seg\u00fan el Grupo de Trabajo de Expertos de la UE, en el Art\u00edculo 29 de su Dictamen 4\/2012<\/em><\/li><\/ul><\/li><li><strong>Cookies de preferencias o personalizaci\u00f3n<\/strong>: son aquellas que permiten recordar informaci\u00f3n para que el usuario acceda al servicio con determinadas caracter\u00edsticas que pueden diferenciar su experiencia de la de otros usuarios, como, por ejemplo, el idioma, el n\u00famero de resultados a mostrar cuando el usuario realiza una b\u00fasqueda, el aspecto o contenido del servicio en funci\u00f3n del tipo de navegador a trav\u00e9s del cual el usuario accede al servicio o de la regi\u00f3n desde la que accede al servicio, etc.<br>Si es el propio usuario quien elige esas caracter\u00edsticas (por ejemplo, si selecciona el idioma de un sitio web clicando en el icono de la bandera del pa\u00eds correspondiente), las cookies estar\u00e1n exceptuadas de las obligaciones del art\u00edculo 22.2 de la LSSI por considerarse un servicio expresamente solicitado por el usuario, y ello siempre y cuando las cookies obedezcan exclusivamente a la finalidad seleccionada.<\/li><li><strong>Cookies de an\u00e1lisis o medici\u00f3n<\/strong>: son aquellas que permiten al responsable de estas el seguimiento y an\u00e1lisis del comportamiento de los usuarios de los sitios web a los que est\u00e1n vinculadas, incluida la cuantificaci\u00f3n de los impactos de los anuncios. La informaci\u00f3n recogida mediante este tipo de cookies se utiliza en la medici\u00f3n de la actividad de los sitios web, aplicaci\u00f3n o plataforma, con el fin de introducir mejoras en funci\u00f3n del an\u00e1lisis de los datos de uso que hacen los usuarios del servicio.<\/li><li><strong>Cookies de publicidad comportamental<\/strong>: son aquellas que almacenan informaci\u00f3n del comportamiento de los usuarios obtenida a trav\u00e9s de la observaci\u00f3n continuada de sus h\u00e1bitos de navegaci\u00f3n, lo que permite desarrollar un perfil espec\u00edfico para mostrar publicidad en funci\u00f3n de este.<\/li><\/ol><\/li><li>Por \u00faltimo, desde el punto de vista <strong>de la entidad que gestiona las cookies<\/strong>, podemos diferenciar entre:<ol><li><strong>Cookies propias<\/strong>: son aquellas que se env\u00edan al equipo terminal del usuario desde un equipo o dominio gestionado por el propio editor y desde el que se presta el servicio solicitado por el usuario.<\/li><li><strong>Cookies de tercero<\/strong>: son aquellas que se env\u00edan al equipo terminal del usuario desde un equipo o dominio que no es gestionado por el editor, sino por otra entidad que trata los datos obtenidos trav\u00e9s de las cookies.<\/li><\/ol><\/li><\/ul>\n\n\n\n<p>PEOPLE4 guarda toda la informaci\u00f3n recogida a trav\u00e9s de las Cookies en un formato no personalizado (direcci\u00f3n de IP). Este tipo de informaci\u00f3n obtenida a trav\u00e9s de las Cookies no ser\u00e1 revelado fuera de PEOPLE4 salvo en aquellos casos indicados en el apartado \u2018Relaci\u00f3n y descripci\u00f3n de cookies\u2019, ni utilizada para comunicaciones no solicitadas.<\/p>\n\n\n\n<h2>Privacidad adecuada\u2013 Gesti\u00f3n de cookies<\/h2>\n\n\n\n<p>El usuario puede configurar en cualquier momento los permisos sobre las cookies empleadas en nuestra web mediante su acceso en el panel de configuraci\u00f3n de cookies.<\/p>\n\n\n\n<p>Pulsa en el bot\u00f3n de &#8220;Ajustes&#8221; para acceder al panel de configuraci\u00f3n de cookies de www.people4.es:<\/p>\n\n\n\n<p><strong><a href=\"\/#gdpr_cookie_modal\">AJUSTES<\/a><\/strong><\/p>\n\n\n\n<p>En caso de que el usuario lo quisiera, el registro de las cookies podr\u00e1 estar sujeto a su aceptaci\u00f3n durante la instalaci\u00f3n o puesta al d\u00eda del navegador usado. El usuario puede en todo momento revocar su aceptaci\u00f3n mediante las opciones de configuraci\u00f3n de contenidos y privacidad disponibles en cada navegador. No obstante, en caso de que el usuario no permita la instalaci\u00f3n de cookies en su navegador es posible que no pueda acceder a alguna de las secciones de nuestro sitio web.<\/p>\n\n\n\n<p>Para m\u00e1s informaci\u00f3n sobre la configuraci\u00f3n apropiada de las cookies y las opciones de activaci\u00f3n, restricci\u00f3n y\/o inhabilitaci\u00f3n se debe acudir en la secci\u00f3n de ayuda de su navegador para conocer m\u00e1s:<\/p>\n\n\n\n<ul><li>M\u00e1s informaci\u00f3n sobre como bloquear el uso de las cookies en <a href=\"https:\/\/support.google.com\/chrome\/answer\/95647?hl=es\">Google Chrome<\/a><\/li><li>M\u00e1s informaci\u00f3n sobre como bloquear el uso de las cookies en <a href=\"http:\/\/support.mozilla.org\/es\/kb\/habilitar-y-deshabilitar-cookies-que-los-sitios-we?esab=a&amp;s=cookies&amp;r=7&amp;as=s\">Firefox<\/a><\/li><li>M\u00e1s informaci\u00f3n sobre como bloquear el uso de las cookies en <a href=\"https:\/\/support.microsoft.com\/es-es\/help\/17442\/windows-internet-explorer-delete-manage-cookies\">Internet Explorer<\/a><\/li><li>M\u00e1s informaci\u00f3n sobre como bloquear el uso de las cookies en <a href=\"https:\/\/support.microsoft.com\/es-es\/help\/4027947\/microsoft-edge-delete-cookies\">Microsoft Edge<\/a><\/li><li>M\u00e1s informaci\u00f3n sobre como bloquear el uso de las cookies en <a href=\"https:\/\/support.apple.com\/es-es\/guide\/safari\/sfri11471\/mac\">Safari <\/a>en el Mac<\/li><li>M\u00e1s informaci\u00f3n sobre como bloquear el uso de las cookies en <a href=\"https:\/\/support.apple.com\/es-es\/HT201265\">Safari<\/a>: en el iPhone, iPad o iPod touch<\/li><\/ul>\n\n\n\n<p>Muchos navegadores permiten activar un modo privado mediante el cual las cookies se borran siempre despu\u00e9s de su visita. Dependiendo de cada navegador este modo privado, puede tener diferentes nombres. A continuaci\u00f3n, encontrar\u00e1 una lista de los navegadores m\u00e1s comunes y los diferentes nombres de este \u201cmodo privado\u201d:<\/p>\n\n\n\n<ul><li>Internet Explorer 8 y superior; InPrivate<\/li><li>Safari 2 y superior; Navegaci\u00f3n Privada<\/li><li>Opera 10.5 y superior; Navegaci\u00f3n Privada<\/li><li>Fire Fox 3.5 y superior; Navegaci\u00f3n Privada<\/li><li>Google Chrome 10 y superior; Inc\u00f3gnito<\/li><\/ul>\n\n\n\n<h2>Relaci\u00f3n y descripci\u00f3n de cookies<\/h2>\n\n\n\n<p>La tabla que publicamos a continuaci\u00f3n recoge de forma esquematizada las cookies anteriormente descritas y utilizadas en el sitio web www.people4.es:<\/p>\n\n\n\n<figure class=\"wp-block-table\"><table><tbody><tr><td><strong>Nombre<\/strong><\/td><td><strong>Propiedad<\/strong><\/td><td><strong>Duraci\u00f3n<\/strong><\/td><td><strong>Finalidad<\/strong><\/td><\/tr><tr><td>_ga<\/td><td>Terceros<\/td><td>2 a\u00f1os<\/td><td>An\u00e1lisis<\/td><\/tr><tr><td>_gat_gtag_G-8Q3K5NMQCR<\/td><td>Terceros<\/td><td>Sesi\u00f3n<\/td><td>An\u00e1lisis<\/td><\/tr><tr><td>_gid<\/td><td>Terceros<\/td><td>24 horas<\/td><td>An\u00e1lisis<\/td><\/tr><tr><td>moove_gdpr_popup<\/td><td>Propia<\/td><td>24 horas<\/td><td>Preferencias<\/td><\/tr><\/tbody><\/table><\/figure>\n\n\n\n<ul><li>Para conocer m\u00e1s sobre las cookies de Google Analytics puede visitar la siguiente p\u00e1gina: <a href=\"https:\/\/policies.google.com\/technologies\/cookies?hl=es\">&gt;https:\/\/policies.google.com\/technologies\/cookies?hl=es<\/a>. Puede desactivar las cookies de Google Analytics a trav\u00e9s del siguiente enlace: <a href=\"https:\/\/tools.google.com\/dlpage\/gaoptout\">https:\/\/tools.google.com\/dlpage\/gaoptout<\/a>. (eliminar si no se usa Google Analytics)<\/li><li>En este sitio web encontrar\u00e1 informaci\u00f3n sobre c\u00f3mo funciona la publicidad basada en el comportamiento, informaci\u00f3n sobre las cookies y las medidas que usted puede tomar para proteger su privacidad en Internet: <a href=\"http:\/\/www.youronlinechoices.com\/es\/\">http:\/\/www.youronlinechoices.com\/es\/<\/a> (eliminar en el caso que no se usan t\u00e9cnicas de publicidad basada en el comportamiento del usuario web)<\/li><li>Para m\u00e1s informaci\u00f3n sobre cookies y sus derechos como usuario puede consultar la Gu\u00eda sobre el uso de cookies elaborada por la Agencia Espa\u00f1ola de Protecci\u00f3n de Datos con la colaboraci\u00f3n de las asociaciones ADIGITAL, Anunciantes, AUTOCONTROL e IAB Spain: <a href=\"https:\/\/www.aepd.es\/media\/guias\/guia-cookies.pdf\">&gt;https:\/\/www.aepd.es\/media\/guias\/guia-cookies.pdf<\/a><\/li><\/ul>\n","protected":false},"excerpt":{"rendered":"<p>El dominio www.people4.es utiliza procedimientos autom\u00e1ticos de recogida (Cookies) para reunir informaci\u00f3n personal como puede ser el tipo de navegador o sistema operativo, p\u00e1gina de referencia, ruta, dominio ISP (Proveedor de Internet), etc. todo ello con el fin de mejorar los servicios prestados. Las Cookies nos ayudan a adaptar esta p\u00e1gina web a sus necesidades &hellip;<\/p>\n<p class=\"read-more\"> <a class=\"\" href=\"https:\/\/www.people4.es\/en\/cookies\/\"> <span class=\"screen-reader-text\">Cookies<\/span> Read More &raquo;<\/a><\/p>\n","protected":false},"author":1,"featured_media":0,"parent":0,"menu_order":9,"comment_status":"closed","ping_status":"closed","template":"","meta":{"site-sidebar-layout":"default","site-content-layout":"default","ast-global-header-display":"","ast-main-header-display":"","ast-hfb-above-header-display":"","ast-hfb-below-header-display":"","ast-hfb-mobile-header-display":"","site-post-title":"","ast-breadcrumbs-content":"","ast-featured-img":"","footer-sml-layout":"","theme-transparent-header-meta":"","adv-header-id-meta":"","stick-header-meta":"","header-above-stick-meta":"","header-main-stick-meta":"","header-below-stick-meta":""},"acf":[],"yoast_head":"<!-- This site is optimized with the Yoast SEO plugin v21.1 - https:\/\/yoast.com\/wordpress\/plugins\/seo\/ -->\n<title>Cookies -<\/title>\n<meta name=\"robots\" content=\"index, follow, max-snippet:-1, max-image-preview:large, max-video-preview:-1\" \/>\n<link rel=\"canonical\" href=\"https:\/\/www.people4.es\/en\/cookies\/\" \/>\n<meta property=\"og:locale\" content=\"en_US\" \/>\n<meta property=\"og:type\" content=\"article\" \/>\n<meta property=\"og:title\" content=\"Cookies -\" \/>\n<meta property=\"og:description\" content=\"El dominio www.people4.es utiliza procedimientos autom\u00e1ticos de recogida (Cookies) para reunir informaci\u00f3n personal como puede ser el tipo de navegador o sistema operativo, p\u00e1gina de referencia, ruta, dominio ISP (Proveedor de Internet), etc. todo ello con el fin de mejorar los servicios prestados. Las Cookies nos ayudan a adaptar esta p\u00e1gina web a sus necesidades &hellip; Cookies Read More &raquo;\" \/>\n<meta property=\"og:url\" content=\"https:\/\/www.people4.es\/en\/cookies\/\" \/>\n<meta property=\"article:publisher\" content=\"https:\/\/www.facebook.com\/People4-110691987470397\" \/>\n<meta property=\"article:modified_time\" content=\"2021-04-22T14:29:19+00:00\" \/>\n<meta property=\"og:image\" content=\"https:\/\/www.people4.es\/wp-content\/uploads\/2020\/11\/nueva-web.jpg\" \/>\n\t<meta property=\"og:image:width\" content=\"1400\" \/>\n\t<meta property=\"og:image:height\" content=\"497\" \/>\n\t<meta property=\"og:image:type\" content=\"image\/jpeg\" \/>\n<meta name=\"twitter:card\" content=\"summary_large_image\" \/>\n<meta name=\"twitter:label1\" content=\"Est. reading time\" \/>\n\t<meta name=\"twitter:data1\" content=\"7 minutes\" \/>\n<script type=\"application\/ld+json\" class=\"yoast-schema-graph\">{\"@context\":\"https:\/\/schema.org\",\"@graph\":[{\"@type\":\"WebPage\",\"@id\":\"https:\/\/www.people4.es\/en\/cookies\/\",\"url\":\"https:\/\/www.people4.es\/en\/cookies\/\",\"name\":\"Cookies -\",\"isPartOf\":{\"@id\":\"http:\/\/www.people4.es\/en\/#website\"},\"datePublished\":\"2020-10-22T13:41:06+00:00\",\"dateModified\":\"2021-04-22T14:29:19+00:00\",\"breadcrumb\":{\"@id\":\"https:\/\/www.people4.es\/en\/cookies\/#breadcrumb\"},\"inLanguage\":\"en-US\",\"potentialAction\":[{\"@type\":\"ReadAction\",\"target\":[\"https:\/\/www.people4.es\/en\/cookies\/\"]}]},{\"@type\":\"BreadcrumbList\",\"@id\":\"https:\/\/www.people4.es\/en\/cookies\/#breadcrumb\",\"itemListElement\":[{\"@type\":\"ListItem\",\"position\":1,\"name\":\"Portada\",\"item\":\"https:\/\/www.people4.es\/en\/\"},{\"@type\":\"ListItem\",\"position\":2,\"name\":\"Cookies\"}]},{\"@type\":\"WebSite\",\"@id\":\"http:\/\/www.people4.es\/en\/#website\",\"url\":\"http:\/\/www.people4.es\/en\/\",\"name\":\"\",\"description\":\"People4 es una empresa internacional, fundada en 2016 por su CEO Sandra Mart\u00edn, especializada en consultor\u00eda de Recursos Humanos\",\"publisher\":{\"@id\":\"http:\/\/www.people4.es\/en\/#organization\"},\"potentialAction\":[{\"@type\":\"SearchAction\",\"target\":{\"@type\":\"EntryPoint\",\"urlTemplate\":\"http:\/\/www.people4.es\/en\/?s={search_term_string}\"},\"query-input\":\"required name=search_term_string\"}],\"inLanguage\":\"en-US\"},{\"@type\":\"Organization\",\"@id\":\"http:\/\/www.people4.es\/en\/#organization\",\"name\":\"People4\",\"url\":\"http:\/\/www.people4.es\/en\/\",\"logo\":{\"@type\":\"ImageObject\",\"inLanguage\":\"en-US\",\"@id\":\"http:\/\/www.people4.es\/en\/#\/schema\/logo\/image\/\",\"url\":\"http:\/\/www.people4.es\/wp-content\/uploads\/2020\/11\/nueva-web.jpg\",\"contentUrl\":\"http:\/\/www.people4.es\/wp-content\/uploads\/2020\/11\/nueva-web.jpg\",\"width\":1400,\"height\":497,\"caption\":\"People4\"},\"image\":{\"@id\":\"http:\/\/www.people4.es\/en\/#\/schema\/logo\/image\/\"},\"sameAs\":[\"https:\/\/www.facebook.com\/People4-110691987470397\",\"https:\/\/www.instagram.com\/people4_official\/\",\"https:\/\/www.linkedin.com\/company\/people4\/?viewAsMember=true\"]}]}<\/script>\n<!-- \/ Yoast SEO plugin. -->","yoast_head_json":{"title":"Cookies -","robots":{"index":"index","follow":"follow","max-snippet":"max-snippet:-1","max-image-preview":"max-image-preview:large","max-video-preview":"max-video-preview:-1"},"canonical":"https:\/\/www.people4.es\/en\/cookies\/","og_locale":"en_US","og_type":"article","og_title":"Cookies -","og_description":"El dominio www.people4.es utiliza procedimientos autom\u00e1ticos de recogida (Cookies) para reunir informaci\u00f3n personal como puede ser el tipo de navegador o sistema operativo, p\u00e1gina de referencia, ruta, dominio ISP (Proveedor de Internet), etc. todo ello con el fin de mejorar los servicios prestados. Las Cookies nos ayudan a adaptar esta p\u00e1gina web a sus necesidades &hellip; Cookies Read More &raquo;","og_url":"https:\/\/www.people4.es\/en\/cookies\/","article_publisher":"https:\/\/www.facebook.com\/People4-110691987470397","article_modified_time":"2021-04-22T14:29:19+00:00","og_image":[{"width":1400,"height":497,"url":"https:\/\/www.people4.es\/wp-content\/uploads\/2020\/11\/nueva-web.jpg","type":"image\/jpeg"}],"twitter_card":"summary_large_image","twitter_misc":{"Est. reading time":"7 minutes"},"schema":{"@context":"https:\/\/schema.org","@graph":[{"@type":"WebPage","@id":"https:\/\/www.people4.es\/en\/cookies\/","url":"https:\/\/www.people4.es\/en\/cookies\/","name":"Cookies -","isPartOf":{"@id":"http:\/\/www.people4.es\/en\/#website"},"datePublished":"2020-10-22T13:41:06+00:00","dateModified":"2021-04-22T14:29:19+00:00","breadcrumb":{"@id":"https:\/\/www.people4.es\/en\/cookies\/#breadcrumb"},"inLanguage":"en-US","potentialAction":[{"@type":"ReadAction","target":["https:\/\/www.people4.es\/en\/cookies\/"]}]},{"@type":"BreadcrumbList","@id":"https:\/\/www.people4.es\/en\/cookies\/#breadcrumb","itemListElement":[{"@type":"ListItem","position":1,"name":"Portada","item":"https:\/\/www.people4.es\/en\/"},{"@type":"ListItem","position":2,"name":"Cookies"}]},{"@type":"WebSite","@id":"http:\/\/www.people4.es\/en\/#website","url":"http:\/\/www.people4.es\/en\/","name":"","description":"People4 es una empresa internacional, fundada en 2016 por su CEO Sandra Mart\u00edn, especializada en consultor\u00eda de Recursos Humanos","publisher":{"@id":"http:\/\/www.people4.es\/en\/#organization"},"potentialAction":[{"@type":"SearchAction","target":{"@type":"EntryPoint","urlTemplate":"http:\/\/www.people4.es\/en\/?s={search_term_string}"},"query-input":"required name=search_term_string"}],"inLanguage":"en-US"},{"@type":"Organization","@id":"http:\/\/www.people4.es\/en\/#organization","name":"People4","url":"http:\/\/www.people4.es\/en\/","logo":{"@type":"ImageObject","inLanguage":"en-US","@id":"http:\/\/www.people4.es\/en\/#\/schema\/logo\/image\/","url":"http:\/\/www.people4.es\/wp-content\/uploads\/2020\/11\/nueva-web.jpg","contentUrl":"http:\/\/www.people4.es\/wp-content\/uploads\/2020\/11\/nueva-web.jpg","width":1400,"height":497,"caption":"People4"},"image":{"@id":"http:\/\/www.people4.es\/en\/#\/schema\/logo\/image\/"},"sameAs":["https:\/\/www.facebook.com\/People4-110691987470397","https:\/\/www.instagram.com\/people4_official\/","https:\/\/www.linkedin.com\/company\/people4\/?viewAsMember=true"]}]}},"_links":{"self":[{"href":"https:\/\/www.people4.es\/en\/wp-json\/wp\/v2\/pages\/604"}],"collection":[{"href":"https:\/\/www.people4.es\/en\/wp-json\/wp\/v2\/pages"}],"about":[{"href":"https:\/\/www.people4.es\/en\/wp-json\/wp\/v2\/types\/page"}],"author":[{"embeddable":true,"href":"https:\/\/www.people4.es\/en\/wp-json\/wp\/v2\/users\/1"}],"replies":[{"embeddable":true,"href":"https:\/\/www.people4.es\/en\/wp-json\/wp\/v2\/comments?post=604"}],"version-history":[{"count":2,"href":"https:\/\/www.people4.es\/en\/wp-json\/wp\/v2\/pages\/604\/revisions"}],"predecessor-version":[{"id":606,"href":"https:\/\/www.people4.es\/en\/wp-json\/wp\/v2\/pages\/604\/revisions\/606"}],"wp:attachment":[{"href":"https:\/\/www.people4.es\/en\/wp-json\/wp\/v2\/media?parent=604"}],"curies":[{"name":"wp","href":"https:\/\/api.w.org\/{rel}","templated":true}]}}